{"id":4744,"date":"2020-07-14T11:49:00","date_gmt":"2020-07-14T09:49:00","guid":{"rendered":"https:\/\/eberhard-praezision.wappcom.de\/?page_id=4744"},"modified":"2025-11-13T14:54:14","modified_gmt":"2025-11-13T13:54:14","slug":"startseite","status":"publish","type":"page","link":"https:\/\/eberhard-precision.de\/en\/","title":{"rendered":"Startseite"},"content":{"rendered":"<p>[et_pb_section fb_built=\u201c1\u201d fullwidth=\u201con\u201d admin_label=\u201cHalb \/ Halb \u201d module_class=\u201chalf-half-header\u201d _builder_version=\u201c4.16\u201d _module_preset=\u201cdefault\u201d global_colors_info=\u201d{}\u201d][et_pb_fullwidth_code raw_content_tablet=\u201d<a href=\"%22\/produkte\/sonderanfertigungen%22\"><br>\n  <img src=\"%22https:\/\/eberhard-precision.de\/wp-content\/uploads\/2020\/07\/Eberhard_Header_Sonderanfertigungen.jpg%22\" alt=\"%22normteile%22\"><\/a><\/p>\n<div class=\"%22half-left-inner%22\">\n<h2>\n      CUSTOM-MADE COMPONENTS<br>\n    <\/h2>\n<\/div>\n<p>\u201d raw_content_phone=\u201d<a href=\"%22\/produkte\/sonderanfertigungen%22\"><br>\n  <img src=\"%22https:\/\/eberhard-precision.de\/wp-content\/uploads\/2020\/07\/Eberhard_Header_Sonderanfertigungen.jpg%22\" alt=\"%22normteile%22\"><\/a><\/p>\n<div class=\"%22half-left-inner%22\">\n<h2>\n      CUSTOM-MADE COMPONENTS<br>\n    <\/h2>\n<\/div>\n<p>\u201d raw_content_last_edited=\u201con|phone\u201d admin_label=\u201cLinke H\u00e4lf\u00adte\u201d module_class=\u201chalf-left\u201d _builder_version=\u201c4.16\u201d _module_preset=\u201cdefault\u201d background_image=\u201chttps:\/\/eberhard-precision.de\/wp-content\/uploads\/2020\/07\/Eberhard_Header_Sonderanfertigungen.jpg\u201d global_colors_info=\u201d{}\u201d]<img decoding=\"async\" src=\"https:\/\/eberhard-precision.de\/wp-content\/uploads\/2020\/07\/Eberhard_Header_Sonderanfertigungen.jpg\" alt=\"normteile\"><!-- [et_pb_line_break_holder] --><\/p>\n<div class=\"half-left-inner\"><!-- [et_pb_line_break_holder] -->  \n<h2><!-- [et_pb_line_break_holder] -->    CUSTOM-MADE COMPONENTS<!-- [et_pb_line_break_holder] -->  <\/h2>\n<p><!-- [et_pb_line_break_holder] -->  <\/p>\n<div class=\"half-menu\"><!-- [et_pb_line_break_holder] -->    \n<h3><!-- [et_pb_line_break_holder] -->      <a href=\"\/produkte\/sonderanfertigungen\">CUSTOM-MADE COMPONENTS<\/a><!-- [et_pb_line_break_holder] -->    <\/h3>\n<p><!-- [et_pb_line_break_holder] -->    <\/p>\n<ul><!-- [et_pb_line_break_holder] -->      \n<li><a href=\"\/en\/products\/custom-made-components\/automation-drive-technology\">AUTO\u00adMA\u00adTI\u00adON | DRI\u00adVE TECHNOLOGY<\/a><\/li>\n<p><!-- [et_pb_line_break_holder] -->      <\/p>\n<li><a href=\"\/en\/products\/custom-made-components\/automotive\">AUTO\u00adMO\u00adTI\u00adVE<\/a><\/li>\n<p><!-- [et_pb_line_break_holder] -->      <\/p>\n<li><a href=\"\/en\/products\/custom-made-components\/dispensing-fluid-technology\">DIS\u00adPEN\u00adSING | FLU\u00adID TECHNOLOGY<\/a><\/li>\n<p><!-- [et_pb_line_break_holder] -->      <\/p>\n<li><a href=\"\/en\/products\/custom-made-components\/electronics\">ELEC\u00adTRO\u00adNICS<\/a><\/li>\n<p><!-- [et_pb_line_break_holder] -->      <\/p>\n<li><a href=\"\/en\/products\/custom-made-components\/mould-components\">MOULD COM\u00adPON\u00adENTS CUSTOM-MADE<\/a><\/li>\n<p><!-- [et_pb_line_break_holder] -->      <\/p>\n<li><a href=\"\/en\/products\/custom-made-components\/plastics-technology\">PLA\u00adS\u00adTICS TECHNOLOGY<\/a><\/li>\n<p><!-- [et_pb_line_break_holder] -->      <\/p>\n<li><a href=\"\/en\/products\/custom-made-components\/medical-technology-pharma-industry\">MEDI\u00adCAL TECH\u00adNO\u00adLO\u00adGY  | PHAR\u00adMA INDUSTRY<\/a><\/li>\n<p><!-- [et_pb_line_break_holder] -->      <\/p>\n<li><a href=\"\/en\/products\/custom-made-components\/measuring-technology-mechanical-engineering\">MEA\u00adSU\u00adRING TECH\u00adNO\u00adLO\u00adGY  | MECHA\u00adNI\u00adCAL ENGINEERING<\/a><\/li>\n<p><!-- [et_pb_line_break_holder] -->      <\/p>\n<li><a href=\"\/en\/products\/custom-made-components\/micro-systems-technology\">MICRO SYS\u00adTEMS TECHNOLOGY<\/a><\/li>\n<p><!-- [et_pb_line_break_holder] -->      <\/p>\n<li><a href=\"\/en\/products\/custom-made-components\/press-tools\">PRESS TOOLS CUSTOM-MADE<\/a><\/li>\n<p><!-- [et_pb_line_break_holder] -->      <\/p>\n<li><a href=\"\/en\/products\/custom-made-components\/forming-tools\">FORMING TOOLS CUSTOM-MADE<\/a><\/li>\n<p><!-- [et_pb_line_break_holder] -->      <\/p>\n<li><a href=\"\/en\/products\/custom-made-components\/packaging-industry\">PACK\u00adA\u00adGING INDUSTRY<\/a><\/li>\n<p><!-- [et_pb_line_break_holder] -->    <\/p><\/ul>\n<p><!-- [et_pb_line_break_holder] -->  <\/p><\/div>\n<p><!-- [et_pb_line_break_holder] --><\/p><\/div>\n<p>[\/et_pb_fullwidth_code][et_pb_fullwidth_code raw_content_tablet=\u201d<a href=\"%22\/produkte\/normteile%22\"><br>\n  <img src=\"%22https:\/\/eberhard-precision.de\/wp-content\/uploads\/2020\/07\/Eberhard_Header_Normteile.jpg%22\" alt=\"%22normteile%22\"><\/a><\/p>\n<div class=\"%22half-right-inner%22\">\n<h2>\n      STANDARD COMPONENTS<br>\n    <\/h2>\n<\/div>\n<p>\u201d raw_content_phone=\u201d<a href=\"%22\/produkte\/normteile%22\"><br>\n  <img src=\"%22https:\/\/eberhard-precision.de\/wp-content\/uploads\/2020\/07\/Eberhard_Header_Normteile.jpg%22\" alt=\"%22normteile%22\"><\/a><\/p>\n<div class=\"%22half-right-inner%22\">\n<h2>\n      STANDARD COMPONENTS<br>\n    <\/h2>\n<\/div>\n<p>\u201d raw_content_last_edited=\u201con|phone\u201d admin_label=\u201cRechte H\u00e4lf\u00adte\u201d module_class=\u201chalf-right\u201d _builder_version=\u201c4.16\u201d _module_preset=\u201cdefault\u201d background_enable_image=\u201coff\u201d global_colors_info=\u201d{}\u201d]<img decoding=\"async\" src=\"https:\/\/eberhard-precision.de\/wp-content\/uploads\/2020\/07\/Eberhard_Header_Normteile.jpg\" alt=\"normteile\"><!-- [et_pb_line_break_holder] --><\/p>\n<div class=\"half-right-inner\"><!-- [et_pb_line_break_holder] -->  \n<h2><!-- [et_pb_line_break_holder] -->    STANDARD COMPONENTS<!-- [et_pb_line_break_holder] -->  <\/h2>\n<p><!-- [et_pb_line_break_holder] -->  <\/p>\n<div class=\"half-menu\"><!-- [et_pb_line_break_holder] -->    \n<h3><!-- [et_pb_line_break_holder] -->      <a href=\"\/produkte\/normteile\">STANDARD COMPONENTS<\/a><!-- [et_pb_line_break_holder] -->    <\/h3>\n<p><!-- [et_pb_line_break_holder] -->    <\/p>\n<ul><!-- [et_pb_line_break_holder] -->      \n<li><a href=\"\/en\/products\/standard-components\/press-tools\">PRESS TOOLS<\/a><\/li>\n<p><!-- [et_pb_line_break_holder] -->      <\/p>\n<li><a href=\"\/en\/products\/standard-components\/mould-components\">MOULD COM\u00adPON\u00adENTS<\/a><\/li>\n<p><!-- [et_pb_line_break_holder] -->      <\/p>\n<li><a href=\"\/en\/products\/standard-components\/fixtures\">FIX\u00adTURES<\/a><\/li>\n<p><!-- [et_pb_line_break_holder] -->      <\/p>\n<li><a href=\"\/en\/products\/standard-components\/forming-tools\">FORMING TOOLS<\/a><\/li>\n<p><!-- [et_pb_line_break_holder] -->    <\/p><\/ul>\n<p><!-- [et_pb_line_break_holder] -->  <\/p><\/div>\n<p><!-- [et_pb_line_break_holder] --><\/p><\/div>\n<p>[\/et_pb_fullwidth_code][\/et_pb_section][et_pb_section fb_built=\u201c1\u201d _builder_version=\u201c4.16\u201d _module_preset=\u201cdefault\u201d global_colors_info=\u201d{}\u201d][et_pb_row _builder_version=\u201c4.16\u201d _module_preset=\u201cdefault\u201d global_colors_info=\u201d{}\u201d][et_pb_column type=\u201c4_4\u201d _builder_version=\u201c4.16\u201d _module_preset=\u201cdefault\u201d global_colors_info=\u201d{}\u201d][et_pb_blurb title=\u201cEBERHARD PRE\u00adCIS\u00adI\u00adON PARTS \u2013<br> PRE\u00adCIS\u00adI\u00adON AND RELIA\u00adBI\u00adLI\u00adTY BASED ON TRA\u00adDI\u00adTI\u00adON\u201d module_class=\u201cintroText\u201d _builder_version=\u201c4.18.1\u201d _module_preset=\u201cdefault\u201d header_level=\u201ch2\u201d global_colors_info=\u201d{}\u201d]<\/p>\n<p>EBER\u00adHARD Pre\u00adcis\u00adi\u00adon Parts is a lea\u00adding glo\u00adbal manu\u00adfac\u00adtu\u00adrer of high-pre\u00adcis\u00adi\u00adon stan\u00addard and spe\u00adcial com\u00adpon\u00adents. We pro\u00addu\u00adce \u201cMADE IN GER\u00adMA\u00adNY\u201d at our sites in Nord\u00adheim and Ohrdruf.<\/p>\n<p>Exten\u00adsi\u00adve tech\u00adni\u00adcal exper\u00adti\u00adse, high ver\u00adti\u00adcal manu\u00adfac\u00adtu\u00adring ran\u00adge, pro\u00adduc\u00adtion in the ran\u00adge of micron tole\u00adran\u00adces, on-time deli\u00advery as well as excel\u00adlent ser\u00advice, are what we stand for. Using the latest tech\u00adno\u00adlo\u00adgy and years of expe\u00adri\u00adence, we pro\u00addu\u00adce DIN and ISO-com\u00adpli\u00adant stan\u00addard com\u00adpon\u00adents as well as indi\u00advi\u00addu\u00adal spe\u00adcial com\u00adpon\u00adents of the hig\u00adhest quality.<\/p>\n<p>Thou\u00adsands of inter\u00adna\u00adtio\u00adnal cus\u00adto\u00admers across dif\u00adfe\u00adrent indus\u00adtries rely on our pro\u00adducts. You too can trust in the exper\u00adti\u00adse, qua\u00adli\u00adty and logi\u00adstics of EBER\u00adHARD Pre\u00adcis\u00adi\u00adon&nbsp;Parts.<\/p>\n<p>[\/et_pb_blurb][\/et_pb_column][\/et_pb_row][\/et_pb_section][et_pb_section fb_built=\u201c1\u201d admin_label=\u201cShop\u201d module_class=\u201cshop-banner\u201d _builder_version=\u201c4.16\u201d _module_preset=\u201cdefault\u201d background_image=\u201chttps:\/\/eberhard-precision.de\/wp-content\/uploads\/2020\/07\/Eberhard_Verlinkung_Shop.jpg\u201d saved_tabs=\u201call\u201d global_colors_info=\u201d{}\u201d][et_pb_row _builder_version=\u201c4.16\u201d _module_preset=\u201cdefault\u201d global_colors_info=\u201d{}\u201d][et_pb_column type=\u201c4_4\u201d _builder_version=\u201c4.16\u201d _module_preset=\u201cdefault\u201d global_colors_info=\u201d{}\u201d][et_pb_text _builder_version=\u201c4.16\u201d _module_preset=\u201cdefault\u201d max_width=\u201c630px\u201d global_colors_info=\u201d{}\u201d]<\/p>\n<h2>EBERHARD E\u2013SHOP \u2013<br>OUR 24\/7 ONLINE SHOP<\/h2>\n<p>You will find a wide ran\u00adge of DIN and ISO-com\u00adpli\u00adant stan\u00addard com\u00adpon\u00adents in our online shop. Our pro\u00adduct ran\u00adge for the fields of press tools, mould com\u00adpon\u00adents, fix\u00adtures and forming tools includes cut\u00adting pun\u00adches, ejec\u00adtor pins, dowel pins and pre\u00adforming ejec\u00adtor&nbsp;pins.<\/p>\n<p><a class=\"shop-button\" href=\"https:\/\/e-shop.eberhard.de\/ovl\/shop.html\" target=\"_blank\" rel=\"noopener noreferrer\">GO TO&nbsp;SHOP<\/a><\/p>\n<p>[\/et_pb_text][\/et_pb_column][\/et_pb_row][\/et_pb_section][et_pb_section fb_built=\u201c1\u201d fullwidth=\u201con\u201d admin_label=\u201cYoutube\u201d _builder_version=\u201c4.16\u201d _module_preset=\u201cdefault\u201d global_colors_info=\u201d{}\u201d][et_pb_fullwidth_code admin_label=\u201cYoutube Iframe\u201d module_class=\u201cyoutube-container\u201d _builder_version=\u201c4.16\u201d _module_preset=\u201cdefault\u201d global_colors_info=\u201d{}\u201d]<a class=\"youtube-overlay\" href=\"#\" data-src=\"https:\/\/www.youtube-nocookie.com\/embed\/aNdwkyg9INo\"><!-- [et_pb_line_break_holder] -->  <img decoding=\"async\" src=\"\/wp-content\/uploads\/2020\/08\/Eberhard_Zwischenbilder_Fakten.jpg\" alt=\"YouTube Video\"><!-- [et_pb_line_break_holder] --><\/a>[\/et_pb_fullwidth_code][\/et_pb_section][et_pb_section fb_built=\u201c1\u201d admin_label=\u201cAktuelle Mes\u00adsen\u201d module_class=\u201ctrade-fair\u201d _builder_version=\u201c4.16\u201d _module_preset=\u201cdefault\u201d global_colors_info=\u201d{}\u201d][et_pb_row _builder_version=\u201c4.16\u201d _module_preset=\u201cdefault\u201d global_colors_info=\u201d{}\u201d][et_pb_column type=\u201c4_4\u201d _builder_version=\u201c4.16\u201d _module_preset=\u201cdefault\u201d global_colors_info=\u201d{}\u201d][et_pb_text admin_label=\u201c\u00dcberschrift\u201d module_class=\u201cheadline\u201d _builder_version=\u201c4.16\u201d _module_preset=\u201cdefault\u201d global_colors_info=\u201d{}\u201d]<\/p>\n<h2>CURRENT TRADE&nbsp;FAIRS<\/h2>\n<p>[\/et_pb_text][et_pb_text admin_label=\u201cInhalt\u201d module_class=\u201ccontent\u201d _builder_version=\u201c4.16\u201d _module_preset=\u201cdefault\u201d global_colors_info=\u201d{}\u201d]<\/p>\n<p>We regu\u00adlar\u00adly par\u00adti\u00adci\u00adpa\u00adte in indus\u00adtry mee\u00adtings and trade fairs. Allo\u00adwing us to stay up to date with the latest mar\u00adket trends and to be in touch per\u00adso\u00adnal\u00adly with our cus\u00adto\u00admers, trade fairs enable us to deve\u00adlop inno\u00adva\u00adti\u00adve solu\u00adti\u00adons to meet your cur\u00adrent requi\u00adre\u00adment. Below is an over\u00adview of the upco\u00adming trade fairs at which we will be exhi\u00adbi\u00adting. We are loo\u00adking for\u00adward to your&nbsp;visit.<\/p>\n<p>[\/et_pb_text][et_pb_code admin_label=\u201cContent Views Pro \u2014 Mes\u00adsen\u201d module_class=\u201ccvp-trade-fair\u201d _builder_version=\u201c4.16\u201d _module_preset=\u201cdefault\u201d global_colors_info=\u201d{}\u201d]<\/p><div class=\"pt-cv-wrapper et_smooth_scroll_disabled\"><div class=\"pt-cv-view pt-cv-grid pt-cv-colsys pt-cv-content-hover pt-cv-clickable effect-fi pt-cv-overlay-middle\" id=\"pt-cv-view-0f257cdu3x\"><div data-id=\"pt-cv-page-1\" class=\"pt-cv-page\" data-cvc=\"3\"><div class=\"col-md-4 col-sm-6 col-xs-12 pt-cv-content-item pt-cv-1-col\" data-pid=\"16834\"><div class=\"pt-cv-ifield\"><div class=\"pt-cv-hover-wrapper\"><a href=\"https:\/\/eberhard-precision.de\/en\/t4m\/\" class=\"_self pt-cv-href-thumbnail pt-cv-thumb-default cvplbd\" target=\"_self\"><img loading=\"lazy\" decoding=\"async\" width=\"293\" height=\"300\" src=\"https:\/\/eberhard-precision.de\/wp-content\/uploads\/2025\/09\/Medtec-Live-2026-293x300.jpg\" class=\"pt-cv-thumbnail img-none\" alt=\"MedtecLive2026\" srcset=\"https:\/\/eberhard-precision.de\/wp-content\/uploads\/2025\/09\/Medtec-Live-2026-293x300.jpg 293w, https:\/\/eberhard-precision.de\/wp-content\/uploads\/2025\/09\/Medtec-Live-2026.jpg 348w\" sizes=\"auto, (max-width: 293px) 100vw, 293px\"><\/a><div class=\"pt-cv-mask\"><h4 class=\"pt-cv-animation-left pt-cv-title\"><a href=\"https:\/\/eberhard-precision.de\/en\/t4m\/\" class=\"_self cvplbd\" target=\"_self\">MedtecLive2026<\/a><\/h4><div class=\"pt-cv-animation-right pt-cv-content\">[et_pb_section fb_built=\u201c1\u201d fullwidth=\u201con\u201d admin_label=\u201cHeaderSektion (Bild)\u201d module_class=\u201cmainHeader\u201d _builder_version=\u201c4.18.1\u201d background_image=\u201chttps:\/\/eberhard-precision.de\/wp-content\/uploads\/2022\/10\/Messe-K-Stand-leer-scaled-e1666679341877.jpg\u201d background_enable_video_mp4=\u201coff\u201d width=\u201c100%\u201d height=\u201c1080px\u201d collapsed=\u201con\u201d global_colors_info=\u201d{}\u201d][\/et_pb_section][et_pb_section fb_built=\u201c1\u201d admin_label=\u201cBreadcrumbs\u201d module_class=\u201cbrdcrmbs\u201d _builder_version=\u201c4.16\u201d custom_margin=\u201c0px||0px||false|false\u201d custom_padding=\u201c0px||0px||false|false\u201d global_colors_info=\u201d{}\u201d][et_pb_row <a href=\"https:\/\/eberhard-precision.de\/en\/t4m\/\" class=\"_self pt-cv-readmore pt-cv-textlink cvplbd\" target=\"_self\">con\u00adti\u00adnue reading<\/a><\/div><\/div><\/div><\/div><\/div>\n<div class=\"col-md-4 col-sm-6 col-xs-12 pt-cv-content-item pt-cv-1-col\" data-pid=\"22814\"><div class=\"pt-cv-ifield\"><div class=\"pt-cv-hover-wrapper\"><a href=\"https:\/\/eberhard-precision.de\/en\/fakuma-2024\/\" class=\"_self pt-cv-href-thumbnail pt-cv-thumb-default cvplbd\" target=\"_self\"><img loading=\"lazy\" decoding=\"async\" width=\"293\" height=\"300\" src=\"https:\/\/eberhard-precision.de\/wp-content\/uploads\/2020\/07\/Eberhard_Messelogo_Fakuma-293x300.jpg\" class=\"pt-cv-thumbnail img-none\" alt=\"Fakuma 2026\" srcset=\"https:\/\/eberhard-precision.de\/wp-content\/uploads\/2020\/07\/Eberhard_Messelogo_Fakuma-293x300.jpg 293w, https:\/\/eberhard-precision.de\/wp-content\/uploads\/2020\/07\/Eberhard_Messelogo_Fakuma.jpg 348w\" sizes=\"auto, (max-width: 293px) 100vw, 293px\"><\/a><div class=\"pt-cv-mask\"><h4 class=\"pt-cv-animation-left pt-cv-title\"><a href=\"https:\/\/eberhard-precision.de\/en\/fakuma-2024\/\" class=\"_self cvplbd\" target=\"_self\">Fakuma 2026<\/a><\/h4><div class=\"pt-cv-animation-right pt-cv-content\">[et_pb_section fb_built=\u201c1\u201d fullwidth=\u201con\u201d admin_label=\u201cHeaderSektion (Bild)\u201d module_class=\u201cmainHeader\u201d _builder_version=\u201c4.18.1\u201d background_image=\u201chttps:\/\/eberhard-precision.de\/wp-content\/uploads\/2022\/10\/Messe-K-Stand-leer-scaled-e1666679341877.jpg\u201d background_enable_video_mp4=\u201coff\u201d width=\u201c100%\u201d height=\u201c1080px\u201d global_colors_info=\u201d{}\u201d][\/et_pb_section][et_pb_section fb_built=\u201c1\u201d admin_label=\u201cBreadcrumbs\u201d module_class=\u201cbrdcrmbs\u201d _builder_version=\u201c4.16\u201d custom_margin=\u201c0px||0px||false|false\u201d custom_padding=\u201c0px||0px||false|false\u201d global_colors_info=\u201d{}\u201d][et_pb_row _builder_version=\u201c4.16\u201d <a href=\"https:\/\/eberhard-precision.de\/en\/fakuma-2024\/\" class=\"_self pt-cv-readmore pt-cv-textlink cvplbd\" target=\"_self\">con\u00adti\u00adnue reading<\/a><\/div><\/div><\/div><\/div><\/div><\/div><\/div><\/div>\t\t\t<style type=\"text\/css\" id=\"pt-cv-inline-style-93862c7kwt\">#pt-cv-view-0f257cdu3x .pt-cv-title a, #pt-cv-view-0f257cdu3x  .panel-title { font-weight: 600 !important; }<\/style>\n\t\t\t[\/et_pb_code][\/et_pb_column][\/et_pb_row][\/et_pb_section]\n","protected":false},"excerpt":{"rendered":"<p>EBER\u00adHARD Pre\u00adcis\u00adi\u00adon Parts is a lea\u00adding glo\u00adbal manu\u00adfac\u00adtu\u00adrer of high-pre\u00adcis\u00adi\u00adon stan\u00addard and spe\u00adcial com\u00adpon\u00adents. We pro\u00addu\u00adce \u201cMADE IN GER\u00adMA\u00adNY\u201d at our sites in Nord\u00adheim and Ohrd\u00adruf. Exten\u00adsi\u00adve tech\u00adni\u00adcal exper\u00adti\u00adse, high ver\u00adti\u00adcal manu\u00adfac\u00adtu\u00adring ran\u00adge, pro\u00adduc\u00adtion in the ran\u00adge of micron tole\u00adran\u00adces, on-time deli\u00advery as well as excel\u00adlent ser\u00advice, are what we stand for. Using the latest&nbsp;[\u2026]<\/p>\n","protected":false},"author":1,"featured_media":0,"parent":0,"menu_order":0,"comment_status":"closed","ping_status":"closed","template":"","meta":{"_acf_changed":false,"_et_pb_use_builder":"on","_et_pb_old_content":"","_et_gb_content_width":"","inline_featured_image":false,"wp_typography_post_enhancements_disabled":false,"footnotes":""},"folder":[],"class_list":["post-4744","page","type-page","status-publish","hentry"],"acf":[],"yoast_head":"<!-- This site is optimized with the Yoast SEO plugin v23.4 - https:\/\/yoast.com\/wordpress\/plugins\/seo\/ -->\n<title>Eberhard Pr\u00e4zisionsteile | Norm- und Sonderkomponenten<\/title>\n<meta name=\"description\" content=\"Ob Normteile, Sonderanfertigungen oder individuelle L\u00f6sungen wir setzen auf: h\u00f6chste Pr\u00e4zision\u2713 termingerechte Lieferung\u2713 ausgezeichneten Service\u2713\" \/>\n<meta name=\"robots\" content=\"index, follow, max-snippet:-1, max-image-preview:large, max-video-preview:-1\" \/>\n<link rel=\"canonical\" href=\"https:\/\/eberhard-precision.de\/en\/\" \/>\n<meta property=\"og:locale\" content=\"en_US\" \/>\n<meta property=\"og:type\" content=\"article\" \/>\n<meta property=\"og:title\" content=\"Eberhard Pr\u00e4zisionsteile | Norm- und Sonderkomponenten\" \/>\n<meta property=\"og:description\" content=\"Ob Normteile, Sonderanfertigungen oder individuelle L\u00f6sungen wir setzen auf: h\u00f6chste Pr\u00e4zision\u2713 termingerechte Lieferung\u2713 ausgezeichneten Service\u2713\" \/>\n<meta property=\"og:url\" content=\"https:\/\/eberhard-precision.de\/en\/\" \/>\n<meta property=\"og:site_name\" content=\"Eberhard Werkzeugtechnologie\" \/>\n<meta property=\"article:modified_time\" content=\"2025-11-13T13:54:14+00:00\" \/>\n<meta property=\"og:image\" content=\"https:\/\/eberhard-precision.de\/wp-content\/uploads\/2020\/07\/Eberhard_Header_Sonderanfertigungen.jpg\" \/>\n<meta name=\"twitter:card\" content=\"summary_large_image\" \/>\n<meta name=\"twitter:label1\" content=\"Est. reading time\" \/>\n\t<meta name=\"twitter:data1\" content=\"4 minutes\" \/>\n<script type=\"application\/ld+json\" class=\"yoast-schema-graph\">{\"@context\":\"https:\/\/schema.org\",\"@graph\":[{\"@type\":\"WebPage\",\"@id\":\"https:\/\/eberhard-precision.de\/en\/\",\"url\":\"https:\/\/eberhard-precision.de\/en\/\",\"name\":\"Eberhard Pr\u00e4zisionsteile | Norm- und Sonderkomponenten\",\"isPartOf\":{\"@id\":\"https:\/\/eberhard-precision.de\/en\/#website\"},\"primaryImageOfPage\":{\"@id\":\"https:\/\/eberhard-precision.de\/en\/#primaryimage\"},\"image\":{\"@id\":\"https:\/\/eberhard-precision.de\/en\/#primaryimage\"},\"thumbnailUrl\":\"https:\/\/eberhard-precision.de\/wp-content\/uploads\/2020\/07\/Eberhard_Header_Sonderanfertigungen.jpg\",\"datePublished\":\"2020-07-14T09:49:00+00:00\",\"dateModified\":\"2025-11-13T13:54:14+00:00\",\"description\":\"Ob Normteile, Sonderanfertigungen oder individuelle L\u00f6sungen wir setzen auf: h\u00f6chste Pr\u00e4zision\u2713 termingerechte Lieferung\u2713 ausgezeichneten Service\u2713\",\"breadcrumb\":{\"@id\":\"https:\/\/eberhard-precision.de\/en\/#breadcrumb\"},\"inLanguage\":\"en-US\",\"potentialAction\":[{\"@type\":\"ReadAction\",\"target\":[\"https:\/\/eberhard-precision.de\/en\/\"]}]},{\"@type\":\"ImageObject\",\"inLanguage\":\"en-US\",\"@id\":\"https:\/\/eberhard-precision.de\/en\/#primaryimage\",\"url\":\"https:\/\/eberhard-precision.de\/wp-content\/uploads\/2020\/07\/Eberhard_Header_Sonderanfertigungen.jpg\",\"contentUrl\":\"https:\/\/eberhard-precision.de\/wp-content\/uploads\/2020\/07\/Eberhard_Header_Sonderanfertigungen.jpg\"},{\"@type\":\"BreadcrumbList\",\"@id\":\"https:\/\/eberhard-precision.de\/en\/#breadcrumb\",\"itemListElement\":[{\"@type\":\"ListItem\",\"position\":1,\"name\":\"Startseite\",\"item\":\"https:\/\/eberhard-precision.de\/en\/\"},{\"@type\":\"ListItem\",\"position\":2,\"name\":\"Startseite\"}]},{\"@type\":\"WebSite\",\"@id\":\"https:\/\/eberhard-precision.de\/en\/#website\",\"url\":\"https:\/\/eberhard-precision.de\/en\/\",\"name\":\"Eberhard Werkzeugtechnologie\",\"description\":\"\",\"potentialAction\":[{\"@type\":\"SearchAction\",\"target\":{\"@type\":\"EntryPoint\",\"urlTemplate\":\"https:\/\/eberhard-precision.de\/en\/?s={search_term_string}\"},\"query-input\":{\"@type\":\"PropertyValueSpecification\",\"valueRequired\":true,\"valueName\":\"search_term_string\"}}],\"inLanguage\":\"en-US\"}]}<\/script>\n<!-- \/ Yoast SEO plugin. -->","yoast_head_json":{"title":"Eberhard Pr\u00e4zisionsteile | Norm- und Sonderkomponenten","description":"Ob Normteile, Sonderanfertigungen oder individuelle L\u00f6sungen wir setzen auf: h\u00f6chste Pr\u00e4zision\u2713 termingerechte Lieferung\u2713 ausgezeichneten Service\u2713","robots":{"index":"index","follow":"follow","max-snippet":"max-snippet:-1","max-image-preview":"max-image-preview:large","max-video-preview":"max-video-preview:-1"},"canonical":"https:\/\/eberhard-precision.de\/en\/","og_locale":"en_US","og_type":"article","og_title":"Eberhard Pr\u00e4zisionsteile | Norm- und Sonderkomponenten","og_description":"Ob Normteile, Sonderanfertigungen oder individuelle L\u00f6sungen wir setzen auf: h\u00f6chste Pr\u00e4zision\u2713 termingerechte Lieferung\u2713 ausgezeichneten Service\u2713","og_url":"https:\/\/eberhard-precision.de\/en\/","og_site_name":"Eberhard Werkzeugtechnologie","article_modified_time":"2025-11-13T13:54:14+00:00","og_image":[{"url":"https:\/\/eberhard-precision.de\/wp-content\/uploads\/2020\/07\/Eberhard_Header_Sonderanfertigungen.jpg"}],"twitter_card":"summary_large_image","twitter_misc":{"Est. reading time":"4 minutes"},"schema":{"@context":"https:\/\/schema.org","@graph":[{"@type":"WebPage","@id":"https:\/\/eberhard-precision.de\/en\/","url":"https:\/\/eberhard-precision.de\/en\/","name":"Eberhard Pr\u00e4zisionsteile | Norm- und Sonderkomponenten","isPartOf":{"@id":"https:\/\/eberhard-precision.de\/en\/#website"},"primaryImageOfPage":{"@id":"https:\/\/eberhard-precision.de\/en\/#primaryimage"},"image":{"@id":"https:\/\/eberhard-precision.de\/en\/#primaryimage"},"thumbnailUrl":"https:\/\/eberhard-precision.de\/wp-content\/uploads\/2020\/07\/Eberhard_Header_Sonderanfertigungen.jpg","datePublished":"2020-07-14T09:49:00+00:00","dateModified":"2025-11-13T13:54:14+00:00","description":"Ob Normteile, Sonderanfertigungen oder individuelle L\u00f6sungen wir setzen auf: h\u00f6chste Pr\u00e4zision\u2713 termingerechte Lieferung\u2713 ausgezeichneten Service\u2713","breadcrumb":{"@id":"https:\/\/eberhard-precision.de\/en\/#breadcrumb"},"inLanguage":"en-US","potentialAction":[{"@type":"ReadAction","target":["https:\/\/eberhard-precision.de\/en\/"]}]},{"@type":"ImageObject","inLanguage":"en-US","@id":"https:\/\/eberhard-precision.de\/en\/#primaryimage","url":"https:\/\/eberhard-precision.de\/wp-content\/uploads\/2020\/07\/Eberhard_Header_Sonderanfertigungen.jpg","contentUrl":"https:\/\/eberhard-precision.de\/wp-content\/uploads\/2020\/07\/Eberhard_Header_Sonderanfertigungen.jpg"},{"@type":"BreadcrumbList","@id":"https:\/\/eberhard-precision.de\/en\/#breadcrumb","itemListElement":[{"@type":"ListItem","position":1,"name":"Startseite","item":"https:\/\/eberhard-precision.de\/en\/"},{"@type":"ListItem","position":2,"name":"Startseite"}]},{"@type":"WebSite","@id":"https:\/\/eberhard-precision.de\/en\/#website","url":"https:\/\/eberhard-precision.de\/en\/","name":"Eberhard Werkzeugtechnologie","description":"","potentialAction":[{"@type":"SearchAction","target":{"@type":"EntryPoint","urlTemplate":"https:\/\/eberhard-precision.de\/en\/?s={search_term_string}"},"query-input":{"@type":"PropertyValueSpecification","valueRequired":true,"valueName":"search_term_string"}}],"inLanguage":"en-US"}]}},"_links":{"self":[{"href":"https:\/\/eberhard-precision.de\/en\/wp-json\/wp\/v2\/pages\/4744","targetHints":{"allow":["GET"]}}],"collection":[{"href":"https:\/\/eberhard-precision.de\/en\/wp-json\/wp\/v2\/pages"}],"about":[{"href":"https:\/\/eberhard-precision.de\/en\/wp-json\/wp\/v2\/types\/page"}],"author":[{"embeddable":true,"href":"https:\/\/eberhard-precision.de\/en\/wp-json\/wp\/v2\/users\/1"}],"replies":[{"embeddable":true,"href":"https:\/\/eberhard-precision.de\/en\/wp-json\/wp\/v2\/comments?post=4744"}],"version-history":[{"count":22,"href":"https:\/\/eberhard-precision.de\/en\/wp-json\/wp\/v2\/pages\/4744\/revisions"}],"predecessor-version":[{"id":24607,"href":"https:\/\/eberhard-precision.de\/en\/wp-json\/wp\/v2\/pages\/4744\/revisions\/24607"}],"wp:attachment":[{"href":"https:\/\/eberhard-precision.de\/en\/wp-json\/wp\/v2\/media?parent=4744"}],"wp:term":[{"taxonomy":"folder","embeddable":true,"href":"https:\/\/eberhard-precision.de\/en\/wp-json\/wp\/v2\/folder?post=4744"}],"curies":[{"name":"wp","href":"https:\/\/api.w.org\/{rel}","templated":true}]}}