{"id":17030,"date":"2020-07-22T10:07:06","date_gmt":"2020-07-22T08:07:06","guid":{"rendered":"https:\/\/eberhard-precision.de\/?page_id=17030"},"modified":"2024-08-19T14:18:56","modified_gmt":"2024-08-19T12:18:56","slug":"electronics","status":"publish","type":"page","link":"https:\/\/eberhard-precision.de\/en\/products\/custom-made-components\/electronics\/","title":{"rendered":"Electronics"},"content":{"rendered":"<p>[et_pb_section fb_built=\u201c1\u201d fullwidth=\u201con\u201d admin_label=\u201cHeaderSektion (Bild)\u201d module_class=\u201cmainHeader\u201d _builder_version=\u201c4.16\u201d background_image=\u201chttps:\/\/eberhard-precision.de\/wp-content\/uploads\/2020\/07\/Eberhard_Header_Sonderanfertigungen_Elektrotechnik\u20111.jpg\u201d background_enable_video_mp4=\u201coff\u201d width=\u201c100%\u201d height=\u201c1080px\u201d global_colors_info=\u201d{}\u201d][et_pb_fullwidth_code admin_label=\u201cSkewBox im Hea\u00adder\u201d module_class=\u201cskewBox\u201d _builder_version=\u201c4.16\u201d animation_style=\u201cfade\u201d global_colors_info=\u201d{}\u201d]<\/p>\n<div class=\"grid slide-text\">\n<h1>ELECTRONICS<\/h1>\n<p><!-- [et_pb_line_break_holder] -->  <pee>Hig\u00adhest sur\u00adface accu\u00adra\u00adcy while <!-- [et_pb_line_break_holder] -->    main\u00adtai\u00adning tigh\u00adtest tolerances.<\/pee><!-- [et_pb_line_break_holder] --><\/p><\/div>\n<p>[\/et_pb_fullwidth_code][\/et_pb_section][et_pb_section fb_built=\u201c1\u201d module_class=\u201clg-15\u201d _builder_version=\u201c4.16\u201d _module_preset=\u201cdefault\u201d global_colors_info=\u201d{}\u201d][et_pb_row _builder_version=\u201c4.16\u201d _module_preset=\u201cdefault\u201d global_colors_info=\u201d{}\u201d][et_pb_column type=\u201c4_4\u201d _builder_version=\u201c4.16\u201d _module_preset=\u201cdefault\u201d global_colors_info=\u201d{}\u201d][et_pb_blurb title=\u201cEBERHARD PRE\u00adCIS\u00adI\u00adON PARTS \u2013<br> <span class=\"%22headline-lightblue%22\">ELEC\u00adTRO\u00adNICS<\/span>\u201d image=\u201chttps:\/\/eberhard-precision.de\/wp-content\/uploads\/2020\/07\/200629_Eberhard_Illus_Sonderanfertigung_Elektrotechnik\u20111.svg\u201d module_class=\u201cintroText\u201d _builder_version=\u201c4.16\u201d _module_preset=\u201cdefault\u201d header_level=\u201ch2\u201d global_colors_info=\u201d{}\u201d]<\/p>\n<p>EBER\u00adHARD Pre\u00adcis\u00adi\u00adon Parts has been syn\u00adony\u00admous with hig\u00adhest pre\u00adcis\u00adi\u00adon and relia\u00adbi\u00adli\u00adty sin\u00adce the company\u2019s begin\u00adnings in 1933. We stand for exten\u00adsi\u00adve tech\u00adni\u00adcal exper\u00adti\u00adse, high ver\u00adti\u00adcal manu\u00adfac\u00adtu\u00adring ran\u00adge, pro\u00adduc\u00adtion in the ran\u00adge of micron tole\u00adran\u00adces, on-time deli\u00advery as well as excel\u00adlent service.&nbsp;<\/p>\n<p>Over the past deca\u00addes, EBER\u00adHARD Pre\u00adcis\u00adi\u00adon Parts has spe\u00adcia\u00adli\u00adsed in sup\u00adp\u00adly\u00ading tool and mould makers and later expan\u00added its port\u00adfo\u00adlio to include addi\u00adtio\u00adnal indus\u00adtry-spe\u00adci\u00adfic solu\u00adti\u00adons such as elec\u00adtro\u00adnics. Using the latest tech\u00adno\u00adlo\u00adgies, we manu\u00adfac\u00adtu\u00adre pre\u00adcis\u00adi\u00adon parts for elec\u00adtro\u00adnics such as mould cores, mould dies, cut\u00adting inserts and spe\u00adcial pins of the hig\u00adhest quality.<\/p>\n<p>EBER\u00adHARD Pre\u00adcis\u00adi\u00adon Parts for elec\u00adtro\u00adnics are pro\u00addu\u00adced in Nord\u00adheim and Ohrd\u00adruf. The\u00adse loca\u00adti\u00adons assu\u00adre the best con\u00addi\u00adti\u00adons for the manu\u00adfac\u00adtu\u00adring of our pro\u00adducts with the hig\u00adhest pre\u00adcis\u00adi\u00adon and genui\u00adne EBER\u00adHARD qua\u00adli\u00adty, gua\u00adran\u00adte\u00ade\u00ading you MADE IN GERMANY.<\/p>\n<p>[\/et_pb_blurb][\/et_pb_column][\/et_pb_row][\/et_pb_section][et_pb_section fb_built=\u201c1\u201d module_class=\u201clg-35\u201d _builder_version=\u201c4.16\u201d _module_preset=\u201cdefault\u201d global_colors_info=\u201d{}\u201d][et_pb_row _builder_version=\u201c4.16\u201d _module_preset=\u201cdefault\u201d global_colors_info=\u201d{}\u201d][et_pb_column type=\u201c4_4\u201d _builder_version=\u201c4.16\u201d _module_preset=\u201cdefault\u201d global_colors_info=\u201d{}\u201d][et_pb_blurb title=\u201cTHE FOL\u00adLO\u00adWING OVER\u00adVIEW SHOWS<br> A SEL\u00adEC\u00adTION OF OUR PRO\u00adDUCT GROUPS FOR ELEC\u00adTRO\u00adNICS\u201d module_class=\u201cintroText\u201d _builder_version=\u201c4.16\u201d _module_preset=\u201cdefault\u201d header_level=\u201ch2\u201d global_colors_info=\u201d{}\u201d][\/et_pb_blurb][\/et_pb_column][\/et_pb_row][et_pb_row column_structure=\u201c1_3,1_3,1_3\u201d module_class=\u201cproduct-list\u201d _builder_version=\u201c4.16\u201d _module_preset=\u201cdefault\u201d global_colors_info=\u201d{}\u201d][et_pb_column type=\u201c1_3\u201d _builder_version=\u201c4.16\u201d _module_preset=\u201cdefault\u201d global_colors_info=\u201d{}\u201d][et_pb_text _builder_version=\u201c4.16\u201d _module_preset=\u201cdefault\u201d global_colors_info=\u201d{}\u201d]<\/p>\n<ul>\n<li>Mould core<\/li>\n<li>Mould die<\/li>\n<li>Cut\u00adting insert<\/li>\n<\/ul>\n<p>[\/et_pb_text][\/et_pb_column][et_pb_column type=\u201c1_3\u201d _builder_version=\u201c4.16\u201d _module_preset=\u201cdefault\u201d global_colors_info=\u201d{}\u201d][et_pb_text _builder_version=\u201c4.16\u201d _module_preset=\u201cdefault\u201d global_colors_info=\u201d{}\u201d]<\/p>\n<ul>\n<li>Spe\u00adcial ejector<\/li>\n<li>Spe\u00adcial flat ejector<\/li>\n<li>Spe\u00adcial cut\u00adting&nbsp;punch<\/li>\n<\/ul>\n<p>[\/et_pb_text][\/et_pb_column][et_pb_column type=\u201c1_3\u201d _builder_version=\u201c4.16\u201d _module_preset=\u201cdefault\u201d global_colors_info=\u201d{}\u201d][et_pb_text _builder_version=\u201c4.16\u201d _module_preset=\u201cdefault\u201d global_colors_info=\u201d{}\u201d]<\/p>\n<ul>\n<li>Spe\u00adcial&nbsp;pin<\/li>\n<\/ul>\n<p>[\/et_pb_text][\/et_pb_column][\/et_pb_row][\/et_pb_section][et_pb_section fb_built=\u201c1\u201d _builder_version=\u201c4.16\u201d _module_preset=\u201cdefault\u201d global_colors_info=\u201d{}\u201d][et_pb_row _builder_version=\u201c4.16\u201d _module_preset=\u201cdefault\u201d global_colors_info=\u201d{}\u201d][et_pb_column type=\u201c4_4\u201d _builder_version=\u201c4.16\u201d _module_preset=\u201cdefault\u201d global_colors_info=\u201d{}\u201d][et_pb_blurb title=\u201c<span class=\"%22headline-lightblue%22\">PRO\u00adDUCT EXAMP\u00adLES EBER\u00adHARD ELEC\u00adTRO\u00adNICS<\/span>\u201d module_class=\u201cintroText\u201d _builder_version=\u201c4.16\u201d _module_preset=\u201cdefault\u201d header_level=\u201ch2\u201d global_colors_info=\u201d{}\u201d][\/et_pb_blurb][\/et_pb_column][\/et_pb_row][et_pb_row column_structure=\u201c1_2,1_2\u201d use_custom_gutter=\u201con\u201d gutter_width=\u201c2\u201d _builder_version=\u201c4.16\u201d _module_preset=\u201cdefault\u201d global_colors_info=\u201d{}\u201d][et_pb_column type=\u201c1_2\u201d _builder_version=\u201c4.16\u201d _module_preset=\u201cdefault\u201d global_colors_info=\u201d{}\u201d][et_pb_image src=\u201chttps:\/\/eberhard-precision.de\/wp-content\/uploads\/2020\/07\/SA058_Elektrotechnik.jpg\u201d title_text=\u201cSA058_Elektrotechnik\u201d _builder_version=\u201c4.16\u201d _module_preset=\u201cdefault\u201d global_colors_info=\u201d{}\u201d][\/et_pb_image][et_pb_image src=\u201chttps:\/\/eberhard-precision.de\/wp-content\/uploads\/2020\/07\/SA066_Elektrotechnik.jpg\u201d title_text=\u201cSA066_Elektrotechnik\u201d _builder_version=\u201c4.16\u201d _module_preset=\u201cdefault\u201d global_colors_info=\u201d{}\u201d][\/et_pb_image][et_pb_image src=\u201chttps:\/\/eberhard-precision.de\/wp-content\/uploads\/2020\/07\/SA084_Elektrotechnik.jpg\u201d title_text=\u201cSA084_Elektrotechnik\u201d _builder_version=\u201c4.16\u201d _module_preset=\u201cdefault\u201d global_colors_info=\u201d{}\u201d][\/et_pb_image][et_pb_image src=\u201chttps:\/\/eberhard-precision.de\/wp-content\/uploads\/2020\/07\/SA086_Elektrotechnik.jpg\u201d title_text=\u201cSA086_Elektrotechnik\u201d _builder_version=\u201c4.16\u201d _module_preset=\u201cdefault\u201d global_colors_info=\u201d{}\u201d][\/et_pb_image][\/et_pb_column][et_pb_column type=\u201c1_2\u201d _builder_version=\u201c4.16\u201d _module_preset=\u201cdefault\u201d global_colors_info=\u201d{}\u201d][et_pb_image src=\u201chttps:\/\/eberhard-precision.de\/wp-content\/uploads\/2020\/07\/SA059_Elektrotechnik.jpg\u201d title_text=\u201cSA059_Elektrotechnik\u201d _builder_version=\u201c4.16\u201d _module_preset=\u201cdefault\u201d global_colors_info=\u201d{}\u201d][\/et_pb_image][et_pb_image src=\u201chttps:\/\/eberhard-precision.de\/wp-content\/uploads\/2020\/07\/SA083_Elektrotechnik.jpg\u201d title_text=\u201cSA083_Elektrotechnik\u201d _builder_version=\u201c4.16\u201d _module_preset=\u201cdefault\u201d global_colors_info=\u201d{}\u201d][\/et_pb_image][et_pb_image src=\u201chttps:\/\/eberhard-precision.de\/wp-content\/uploads\/2020\/07\/SA085_Elektrotechnik.jpg\u201d title_text=\u201cSA085_Elektrotechnik\u201d _builder_version=\u201c4.16\u201d _module_preset=\u201cdefault\u201d global_colors_info=\u201d{}\u201d][\/et_pb_image][et_pb_image src=\u201chttps:\/\/eberhard-precision.de\/wp-content\/uploads\/2020\/07\/SA087_Elektrotechnik.jpg\u201d title_text=\u201cSA087_Elektrotechnik\u201d _builder_version=\u201c4.16\u201d _module_preset=\u201cdefault\u201d global_colors_info=\u201d{}\u201d][\/et_pb_image][\/et_pb_column][\/et_pb_row][\/et_pb_section][et_pb_section fb_built=\u201c1\u201d fullwidth=\u201con\u201d _builder_version=\u201c4.16\u201d _module_preset=\u201cdefault\u201d global_colors_info=\u201d{}\u201d][et_pb_fullwidth_image src=\u201chttps:\/\/eberhard-precision.de\/wp-content\/uploads\/2020\/07\/Eberhard_Zwischenbilder_Sonderanfertigungen_Elektrotechnik.jpg\u201d title_text=\u201cEberhard_Zwischenbilder_Sonderanfertigungen_Elektrotechnik\u201d _builder_version=\u201c4.16\u201d _module_preset=\u201cdefault\u201d global_colors_info=\u201d{}\u201d][\/et_pb_fullwidth_image][\/et_pb_section][et_pb_section fb_built=\u201c1\u201d _builder_version=\u201c4.16\u201d _module_preset=\u201cdefault\u201d saved_tabs=\u201call\u201d global_colors_info=\u201d{}\u201d][et_pb_row _builder_version=\u201c4.16\u201d _module_preset=\u201cdefault\u201d global_colors_info=\u201d{}\u201d][et_pb_column type=\u201c4_4\u201d _builder_version=\u201c4.16\u201d _module_preset=\u201cdefault\u201d global_colors_info=\u201d{}\u201d][et_pb_blurb title=\u201cCONTACT US\u201d module_class=\u201cintroText\u201d _builder_version=\u201c4.16\u201d _module_preset=\u201cdefault\u201d header_level=\u201ch2\u201d global_colors_info=\u201d{}\u201d]<\/p>\n<p>Did we spark your inte\u00adrest or do you have any ques\u00adti\u00adons? <br>Get in touch with one of our cont\u00adact per\u00adson below \u2013 we look for\u00adward to hea\u00adring from&nbsp;you.<\/p>\n<p>[\/et_pb_blurb][\/et_pb_column][\/et_pb_row][et_pb_row column_structure=\u201c1_4,1_4,1_4,1_4\u201d use_custom_gutter=\u201con\u201d gutter_width=\u201c2\u201d module_class=\u201cemployee-contact\u201d _builder_version=\u201c4.16\u201d _module_preset=\u201cdefault\u201d global_colors_info=\u201d{}\u201d][et_pb_column type=\u201c1_4\u201d _builder_version=\u201c4.16\u201d _module_preset=\u201cdefault\u201d global_colors_info=\u201d{}\u201d][et_pb_blurb title=\u201cMarco Unter\u00adsch\u00fctz\u201d image=\u201chttps:\/\/eberhard-precision.de\/wp-content\/uploads\/2020\/08\/Eberhard_Praezisionsteile_Unterschuetz.jpg\u201d _builder_version=\u201c4.16\u201d _module_preset=\u201cdefault\u201d global_colors_info=\u201d{}\u201d]<\/p>\n<p>Pho\u00adne +49 7133 100\u2013266<br>Fax +49 7133 100\u2013766<br><a href=\"mailto:um@eberhard.de\">um@eberhard.de<\/a><\/p>\n<p>[\/et_pb_blurb][\/et_pb_column][et_pb_column type=\u201c1_4\u201d _builder_version=\u201c4.16\u201d _module_preset=\u201cdefault\u201d global_colors_info=\u201d{}\u201d][et_pb_blurb title=\u201cJ\u00f6rg Schus\u00adter\u201d image=\u201chttps:\/\/eberhard-precision.de\/wp-content\/uploads\/2020\/08\/Eberhard_Praezisionsteile_J_Schuster.jpg\u201d _builder_version=\u201c4.16\u201d _module_preset=\u201cdefault\u201d global_colors_info=\u201d{}\u201d]<\/p>\n<p>Pho\u00adne +49 7133 100\u2013201<br>Fax +49 7133 100\u2013701<br><a href=\"mailto:schu@eberhard.de\">schu@eberhard.de<\/a><\/p>\n<p>[\/et_pb_blurb][\/et_pb_column][et_pb_column type=\u201c1_4\u201d _builder_version=\u201c4.16\u201d _module_preset=\u201cdefault\u201d global_colors_info=\u201d{}\u201d][et_pb_blurb title=\u201cMoritz B\u00e4z\u00adner\u201d image=\u201chttps:\/\/eberhard-precision.de\/wp-content\/uploads\/2020\/08\/Eberhard_Praezisionsteile_Baezner.jpg\u201d _builder_version=\u201c4.16\u201d _module_preset=\u201cdefault\u201d global_colors_info=\u201d{}\u201d]<\/p>\n<p>Pho\u00adne +49 7133 100\u2013205<br>Fax +49 7133 100\u2013703<br><a href=\"mailto:bae@eberhard.de\">bae@eberhard.de<\/a><\/p>\n<p>[\/et_pb_blurb][\/et_pb_column][et_pb_column type=\u201c1_4\u201d module_class=\u201cemployee-contact\u201d _builder_version=\u201c4.16\u201d _module_preset=\u201cdefault\u201d global_colors_info=\u201d{}\u201d][et_pb_blurb title=\u201cRudolf Ull\u00adrich\u201d image=\u201chttps:\/\/eberhard-precision.de\/wp-content\/uploads\/2020\/08\/Eberhard_Praezisionsteile_Ullrich.jpg\u201d _builder_version=\u201c4.16\u201d _module_preset=\u201cdefault\u201d hover_enabled=\u201c0\u201d global_colors_info=\u201d{}\u201d sticky_enabled=\u201c0\u201d]<\/p>\n<p>Pho\u00adne +49 7133 100\u2013202<br>Fax +49 7133 100\u2013702<br><a href=\"mailto:ul@eberhard.de\">ul@eberhard.de<\/a><\/p>\n<p>[\/et_pb_blurb][\/et_pb_column][\/et_pb_row][et_pb_row column_structure=\u201c1_4,1_4,1_4,1_4\u201d use_custom_gutter=\u201con\u201d gutter_width=\u201c2\u201d module_class=\u201cemployee-contact\u201d _builder_version=\u201c4.16\u201d _module_preset=\u201cdefault\u201d global_colors_info=\u201d{}\u201d][et_pb_column type=\u201c1_4\u201d _builder_version=\u201c4.16\u201d _module_preset=\u201cdefault\u201d global_colors_info=\u201d{}\u201d][et_pb_blurb title=\u201cJens Sch\u00e4u\u00adfe\u00adle\u201d image=\u201chttps:\/\/eberhard-precision.de\/wp-content\/uploads\/2020\/08\/Eberhard_Praezisionsteile_Schaeufele.jpg\u201d _builder_version=\u201c4.16\u201d _module_preset=\u201cdefault\u201d global_colors_info=\u201d{}\u201d]<\/p>\n<p>Pho\u00adne +49 7133 100\u2013212<br>Fax +49 7133 100\u2013712<br><a href=\"mailto:js@eberhard.de\">js@eberhard.de<\/a><\/p>\n<p>[\/et_pb_blurb][\/et_pb_column][et_pb_column type=\u201c1_4\u201d _builder_version=\u201c4.16\u201d _module_preset=\u201cdefault\u201d global_colors_info=\u201d{}\u201d][et_pb_blurb title=\u201cSilke Fischer-Hen\u00adni\u00adge\u201d image=\u201chttps:\/\/eberhard-precision.de\/wp-content\/uploads\/2020\/08\/Eberhard_Praezisionsteile_Fischer-Hennige.jpg\u201d _builder_version=\u201c4.16\u201d _module_preset=\u201cdefault\u201d global_colors_info=\u201d{}\u201d]<\/p>\n<p>Pho\u00adne +49 7133 100\u2013220<br>Fax +49 7133 100\u2013725<br><a href=\"mailto:fi@eberhard.de\">fi@eberhard.de<\/a><\/p>\n<p>[\/et_pb_blurb][\/et_pb_column][et_pb_column type=\u201c1_4\u201d _builder_version=\u201c4.16\u201d _module_preset=\u201cdefault\u201d global_colors_info=\u201d{}\u201d][\/et_pb_column][et_pb_column type=\u201c1_4\u201d module_class=\u201cemployee-contact\u201d _builder_version=\u201c4.16\u201d _module_preset=\u201cdefault\u201d global_colors_info=\u201d{}\u201d][\/et_pb_column][\/et_pb_row][\/et_pb_section]<\/p>\n","protected":false},"excerpt":{"rendered":"<p>EBER\u00adHARD Pre\u00adcis\u00adi\u00adon Parts has been syn\u00adony\u00admous with hig\u00adhest pre\u00adcis\u00adi\u00adon and relia\u00adbi\u00adli\u00adty sin\u00adce the company\u2019s begin\u00adnings in 1933. We stand for exten\u00adsi\u00adve tech\u00adni\u00adcal exper\u00adti\u00adse, high ver\u00adti\u00adcal manu\u00adfac\u00adtu\u00adring ran\u00adge, pro\u00adduc\u00adtion in the ran\u00adge of micron tole\u00adran\u00adces, on-time deli\u00advery as well as excel\u00adlent ser\u00advice. Over the past deca\u00addes, EBER\u00adHARD Pre\u00adcis\u00adi\u00adon Parts has spe\u00adcia\u00adli\u00adsed in sup\u00adp\u00adly\u00ading tool and&nbsp;mould&nbsp;[\u2026]<\/p>\n","protected":false},"author":1,"featured_media":0,"parent":16944,"menu_order":0,"comment_status":"closed","ping_status":"closed","template":"","meta":{"_acf_changed":false,"_et_pb_use_builder":"on","_et_pb_old_content":"","_et_gb_content_width":"","inline_featured_image":false,"wp_typography_post_enhancements_disabled":false,"footnotes":""},"folder":[39],"class_list":["post-17030","page","type-page","status-publish","hentry"],"acf":[],"yoast_head":"<!-- This site is optimized with the Yoast SEO plugin v23.4 - https:\/\/yoast.com\/wordpress\/plugins\/seo\/ -->\n<title>Sonderanfertigungen Elektrotechnik | Eberhard Pr\u00e4zisionsteile<\/title>\n<meta name=\"description\" content=\"H\u00f6chste Oberf\u00e4chengenauigkeit bei Einhaltung engster Toleranzen - Wir formen Pr\u00e4zisionsteile der Elektrotechnik in h\u00f6chster Qualit\u00e4t.\" \/>\n<meta name=\"robots\" content=\"index, follow, max-snippet:-1, max-image-preview:large, max-video-preview:-1\" \/>\n<link rel=\"canonical\" href=\"https:\/\/eberhard-precision.de\/en\/products\/custom-made-components\/electronics\/\" \/>\n<meta property=\"og:locale\" content=\"en_US\" \/>\n<meta property=\"og:type\" content=\"article\" \/>\n<meta property=\"og:title\" content=\"Sonderanfertigungen Elektrotechnik | Eberhard Pr\u00e4zisionsteile\" \/>\n<meta property=\"og:description\" content=\"H\u00f6chste Oberf\u00e4chengenauigkeit bei Einhaltung engster Toleranzen - Wir formen Pr\u00e4zisionsteile der Elektrotechnik in h\u00f6chster Qualit\u00e4t.\" \/>\n<meta property=\"og:url\" content=\"https:\/\/eberhard-precision.de\/en\/products\/custom-made-components\/electronics\/\" \/>\n<meta property=\"og:site_name\" content=\"Eberhard Werkzeugtechnologie\" \/>\n<meta property=\"article:modified_time\" content=\"2024-08-19T12:18:56+00:00\" \/>\n<meta name=\"twitter:card\" content=\"summary_large_image\" \/>\n<meta name=\"twitter:label1\" content=\"Est. reading time\" \/>\n\t<meta name=\"twitter:data1\" content=\"3 minutes\" \/>\n<script type=\"application\/ld+json\" class=\"yoast-schema-graph\">{\"@context\":\"https:\/\/schema.org\",\"@graph\":[{\"@type\":\"WebPage\",\"@id\":\"https:\/\/eberhard-precision.de\/en\/products\/custom-made-components\/electronics\/\",\"url\":\"https:\/\/eberhard-precision.de\/en\/products\/custom-made-components\/electronics\/\",\"name\":\"Sonderanfertigungen Elektrotechnik | Eberhard Pr\u00e4zisionsteile\",\"isPartOf\":{\"@id\":\"https:\/\/eberhard-precision.de\/en\/#website\"},\"datePublished\":\"2020-07-22T08:07:06+00:00\",\"dateModified\":\"2024-08-19T12:18:56+00:00\",\"description\":\"H\u00f6chste Oberf\u00e4chengenauigkeit bei Einhaltung engster Toleranzen - Wir formen Pr\u00e4zisionsteile der Elektrotechnik in h\u00f6chster Qualit\u00e4t.\",\"breadcrumb\":{\"@id\":\"https:\/\/eberhard-precision.de\/en\/products\/custom-made-components\/electronics\/#breadcrumb\"},\"inLanguage\":\"en-US\",\"potentialAction\":[{\"@type\":\"ReadAction\",\"target\":[\"https:\/\/eberhard-precision.de\/en\/products\/custom-made-components\/electronics\/\"]}]},{\"@type\":\"BreadcrumbList\",\"@id\":\"https:\/\/eberhard-precision.de\/en\/products\/custom-made-components\/electronics\/#breadcrumb\",\"itemListElement\":[{\"@type\":\"ListItem\",\"position\":1,\"name\":\"Startseite\",\"item\":\"https:\/\/eberhard-precision.de\/en\/\"},{\"@type\":\"ListItem\",\"position\":2,\"name\":\"Products\",\"item\":\"https:\/\/eberhard-precision.de\/en\/products\/\"},{\"@type\":\"ListItem\",\"position\":3,\"name\":\"Custom-Made Components\",\"item\":\"https:\/\/eberhard-precision.de\/en\/products\/custom-made-components\/\"},{\"@type\":\"ListItem\",\"position\":4,\"name\":\"Electronics\"}]},{\"@type\":\"WebSite\",\"@id\":\"https:\/\/eberhard-precision.de\/en\/#website\",\"url\":\"https:\/\/eberhard-precision.de\/en\/\",\"name\":\"Eberhard Werkzeugtechnologie\",\"description\":\"\",\"potentialAction\":[{\"@type\":\"SearchAction\",\"target\":{\"@type\":\"EntryPoint\",\"urlTemplate\":\"https:\/\/eberhard-precision.de\/en\/?s={search_term_string}\"},\"query-input\":{\"@type\":\"PropertyValueSpecification\",\"valueRequired\":true,\"valueName\":\"search_term_string\"}}],\"inLanguage\":\"en-US\"}]}<\/script>\n<!-- \/ Yoast SEO plugin. -->","yoast_head_json":{"title":"Sonderanfertigungen Elektrotechnik | Eberhard Pr\u00e4zisionsteile","description":"H\u00f6chste Oberf\u00e4chengenauigkeit bei Einhaltung engster Toleranzen - Wir formen Pr\u00e4zisionsteile der Elektrotechnik in h\u00f6chster Qualit\u00e4t.","robots":{"index":"index","follow":"follow","max-snippet":"max-snippet:-1","max-image-preview":"max-image-preview:large","max-video-preview":"max-video-preview:-1"},"canonical":"https:\/\/eberhard-precision.de\/en\/products\/custom-made-components\/electronics\/","og_locale":"en_US","og_type":"article","og_title":"Sonderanfertigungen Elektrotechnik | Eberhard Pr\u00e4zisionsteile","og_description":"H\u00f6chste Oberf\u00e4chengenauigkeit bei Einhaltung engster Toleranzen - Wir formen Pr\u00e4zisionsteile der Elektrotechnik in h\u00f6chster Qualit\u00e4t.","og_url":"https:\/\/eberhard-precision.de\/en\/products\/custom-made-components\/electronics\/","og_site_name":"Eberhard Werkzeugtechnologie","article_modified_time":"2024-08-19T12:18:56+00:00","twitter_card":"summary_large_image","twitter_misc":{"Est. reading time":"3 minutes"},"schema":{"@context":"https:\/\/schema.org","@graph":[{"@type":"WebPage","@id":"https:\/\/eberhard-precision.de\/en\/products\/custom-made-components\/electronics\/","url":"https:\/\/eberhard-precision.de\/en\/products\/custom-made-components\/electronics\/","name":"Sonderanfertigungen Elektrotechnik | Eberhard Pr\u00e4zisionsteile","isPartOf":{"@id":"https:\/\/eberhard-precision.de\/en\/#website"},"datePublished":"2020-07-22T08:07:06+00:00","dateModified":"2024-08-19T12:18:56+00:00","description":"H\u00f6chste Oberf\u00e4chengenauigkeit bei Einhaltung engster Toleranzen - Wir formen Pr\u00e4zisionsteile der Elektrotechnik in h\u00f6chster Qualit\u00e4t.","breadcrumb":{"@id":"https:\/\/eberhard-precision.de\/en\/products\/custom-made-components\/electronics\/#breadcrumb"},"inLanguage":"en-US","potentialAction":[{"@type":"ReadAction","target":["https:\/\/eberhard-precision.de\/en\/products\/custom-made-components\/electronics\/"]}]},{"@type":"BreadcrumbList","@id":"https:\/\/eberhard-precision.de\/en\/products\/custom-made-components\/electronics\/#breadcrumb","itemListElement":[{"@type":"ListItem","position":1,"name":"Startseite","item":"https:\/\/eberhard-precision.de\/en\/"},{"@type":"ListItem","position":2,"name":"Products","item":"https:\/\/eberhard-precision.de\/en\/products\/"},{"@type":"ListItem","position":3,"name":"Custom-Made Components","item":"https:\/\/eberhard-precision.de\/en\/products\/custom-made-components\/"},{"@type":"ListItem","position":4,"name":"Electronics"}]},{"@type":"WebSite","@id":"https:\/\/eberhard-precision.de\/en\/#website","url":"https:\/\/eberhard-precision.de\/en\/","name":"Eberhard Werkzeugtechnologie","description":"","potentialAction":[{"@type":"SearchAction","target":{"@type":"EntryPoint","urlTemplate":"https:\/\/eberhard-precision.de\/en\/?s={search_term_string}"},"query-input":{"@type":"PropertyValueSpecification","valueRequired":true,"valueName":"search_term_string"}}],"inLanguage":"en-US"}]}},"_links":{"self":[{"href":"https:\/\/eberhard-precision.de\/en\/wp-json\/wp\/v2\/pages\/17030","targetHints":{"allow":["GET"]}}],"collection":[{"href":"https:\/\/eberhard-precision.de\/en\/wp-json\/wp\/v2\/pages"}],"about":[{"href":"https:\/\/eberhard-precision.de\/en\/wp-json\/wp\/v2\/types\/page"}],"author":[{"embeddable":true,"href":"https:\/\/eberhard-precision.de\/en\/wp-json\/wp\/v2\/users\/1"}],"replies":[{"embeddable":true,"href":"https:\/\/eberhard-precision.de\/en\/wp-json\/wp\/v2\/comments?post=17030"}],"version-history":[{"count":14,"href":"https:\/\/eberhard-precision.de\/en\/wp-json\/wp\/v2\/pages\/17030\/revisions"}],"predecessor-version":[{"id":24032,"href":"https:\/\/eberhard-precision.de\/en\/wp-json\/wp\/v2\/pages\/17030\/revisions\/24032"}],"up":[{"embeddable":true,"href":"https:\/\/eberhard-precision.de\/en\/wp-json\/wp\/v2\/pages\/16944"}],"wp:attachment":[{"href":"https:\/\/eberhard-precision.de\/en\/wp-json\/wp\/v2\/media?parent=17030"}],"wp:term":[{"taxonomy":"folder","embeddable":true,"href":"https:\/\/eberhard-precision.de\/en\/wp-json\/wp\/v2\/folder?post=17030"}],"curies":[{"name":"wp","href":"https:\/\/api.w.org\/{rel}","templated":true}]}}